{"id":740,"date":"2023-01-17T22:30:59","date_gmt":"2023-01-17T21:30:59","guid":{"rendered":"https:\/\/uasconferences.com\/2023_icuas\/?page_id=740"},"modified":"2023-03-31T17:16:41","modified_gmt":"2023-03-31T15:16:41","slug":"tutorials","status":"publish","type":"page","link":"https:\/\/uasconferences.com\/2023_icuas\/tutorials\/","title":{"rendered":"Tutorials"},"content":{"rendered":"\n<p>All tutorials will take place on <strong>Tuesday, June 6, 2023<\/strong>. Exact times will be announces in the conference programme.<\/p>\n\n\n\n<p>For more details, please click on the tutorial title. <\/p>\n\n\n\n<h4 class=\"wp-block-heading\">T1 (full day)<\/h4>\n\n\n\n<p><strong><a rel=\"noreferrer noopener\" href=\"https:\/\/uasconferences.com\/2023_icuas\/tutorial-t3-half-day\/\" data-type=\"page\" data-id=\"815\" target=\"_blank\"><strong>[T1<\/strong><\/a><a rel=\"noreferrer noopener\" href=\"https:\/\/uasconferences.com\/2023_icuas\/tutorial-t1-full-day\/\" data-type=\"page\" data-id=\"815\" target=\"_blank\"><strong>] N<\/strong>ew Developments on Sense-and-Avoid (S&amp;A), Distributed Fault Detection and Diagnosis (DFDD), Fault-Tolerant Control (FTC) and Fault-Tolerant Cooperative Control (FTCC) Techniques Unmanned Systems<\/a><\/strong> <br>Youmin Zhang<sup>1<\/sup>, Didier Theilliol<sup>2<\/sup>, Marios M. Polycarpou<sup>3<\/sup>, Panayiotis Kolios<sup>4<\/sup>, Pedro Castillo<sup>5<\/sup>, Andrea Monteriu<sup>6<\/sup>, Xiang Yu<sup>7<\/sup>, Ban Wang<sup>8<\/sup>, Ziquan Yu<sup>9<\/sup> <br><sup><em>1<\/em><\/sup><em>Concordia University, Canada;<\/em><br><sup><em>2<\/em><\/sup><em>University of Lorraine, France;<\/em> <em><br><\/em><sup><em>3<\/em><\/sup><em>University of Cyprus, Cypurs;<br><\/em><sup><em>4<\/em><\/sup><em>KIOS Research and Innovation Center of Excellence, and University of Cyprus, Cyprus;<br><\/em><sup><em>5<\/em><\/sup><em>Sorbonne Universit\u00e9s, Universit\u00e9 de Technologie de Compi\u00e8gne, France;<br><\/em><sup><em>6<\/em><\/sup><em>Dipartimento di Ingegneria dell&#8217;Informazione, Universit\u00e0 Politecnica delle Marche, Italy;<br><\/em><sup><em>7<\/em><\/sup><em>School of Automation Science and Electrical Engineering, Beihang University, China;<br><\/em><sup><em>8<\/em><\/sup><em>School of Aeronautics, Northwestern Polytechnical University, China;<br><\/em><sup><em>9<\/em><\/sup><em>College of Automation Engineering, Nanjing University of Aeronautics and Astronautics, China<\/em><\/p>\n\n\n\n<h4 class=\"wp-block-heading\">T2 (half-day)<\/h4>\n\n\n\n<p><strong><a href=\"https:\/\/uasconferences.com\/2023_icuas\/tutorial-t2-half-day-2\/\" data-type=\"page\" data-id=\"735\">[T2] Review of State-of-The-Art Deep Learning Approaches for Visual Object Recognition and Tracking: Applications to Unmanned Aircraft Systems<\/a><\/strong><br>Mohammad H. Mahoor, Kimon P. Valavanis<em>, <\/em>Ali Pourramezan Fard, Jian Sun<br><em>D. F. Ritchie School of Engineering and Computer Science, University of Denver, USA<\/em><\/p>\n\n\n\n<h4 class=\"wp-block-heading\">T3 (half-day)<\/h4>\n\n\n\n<p><strong><strong><a href=\"https:\/\/uasconferences.com\/2023_icuas\/tutorial-t3-half-day\/\" data-type=\"page\" data-id=\"2243\">[T3] Current and Future Surveillance Technologies for Airspace Integration of UAS in Controlled and Uncontrolled Airspace<\/a><\/strong><\/strong><br>Maarten Uijt de Haag<sup>1<\/sup>, Christian Janke<sup>2<\/sup><em><br><sup>1<\/sup>Technische Universit\u00e4t Berlin, Institute of Aeronautics and Astronautics, Berlin, Germany<br><sup>2<\/sup>Embry Riddle Aeronautical University Worldwide, College of Aeronautics, Frankfurt\/M., Germany<\/em><\/p>\n","protected":false},"excerpt":{"rendered":"<p>All tutorials will take place on Tuesday, June 6, 2023. Exact times will be announces in the conference programme. For more details, please click on the tutorial title. T1 (full day) [T1] New Developments on Sense-and-Avoid (S&amp;A), Distributed Fault Detection and Diagnosis (DFDD), Fault-Tolerant Control (FTC) and Fault-Tolerant Cooperative Control (FTCC) Techniques Unmanned Systems Youmin&hellip;<\/p>\n","protected":false},"author":1,"featured_media":0,"parent":0,"menu_order":0,"comment_status":"closed","ping_status":"closed","template":"","meta":[],"_links":{"self":[{"href":"https:\/\/uasconferences.com\/2023_icuas\/wp-json\/wp\/v2\/pages\/740"}],"collection":[{"href":"https:\/\/uasconferences.com\/2023_icuas\/wp-json\/wp\/v2\/pages"}],"about":[{"href":"https:\/\/uasconferences.com\/2023_icuas\/wp-json\/wp\/v2\/types\/page"}],"author":[{"embeddable":true,"href":"https:\/\/uasconferences.com\/2023_icuas\/wp-json\/wp\/v2\/users\/1"}],"replies":[{"embeddable":true,"href":"https:\/\/uasconferences.com\/2023_icuas\/wp-json\/wp\/v2\/comments?post=740"}],"version-history":[{"count":40,"href":"https:\/\/uasconferences.com\/2023_icuas\/wp-json\/wp\/v2\/pages\/740\/revisions"}],"predecessor-version":[{"id":3067,"href":"https:\/\/uasconferences.com\/2023_icuas\/wp-json\/wp\/v2\/pages\/740\/revisions\/3067"}],"wp:attachment":[{"href":"https:\/\/uasconferences.com\/2023_icuas\/wp-json\/wp\/v2\/media?parent=740"}],"curies":[{"name":"wp","href":"https:\/\/api.w.org\/{rel}","templated":true}]}}