{"id":869,"date":"2022-10-16T02:56:25","date_gmt":"2022-10-16T00:56:25","guid":{"rendered":"https:\/\/uasconferences.com\/2023_icuas\/?page_id=869"},"modified":"2023-06-02T01:32:55","modified_gmt":"2023-06-01T23:32:55","slug":"sponsors","status":"publish","type":"page","link":"https:\/\/uasconferences.com\/2023_icuas\/sponsors\/","title":{"rendered":"Sponsors"},"content":{"rendered":"\n<h2 class=\"wp-block-heading has-text-align-left\">Gold sponsor<\/h2>\n\n\n\n<div class=\"wp-block-columns is-layout-flex wp-container-4\">\n<div class=\"wp-block-column is-layout-flow\">\n<figure class=\"wp-block-image size-full is-resized\"><a href=\"https:\/\/www.mdpi.com\/journal\/drones\" target=\"_blank\" rel=\"noreferrer noopener\" class=\"broken_link\"><img decoding=\"async\" loading=\"lazy\" src=\"https:\/\/i0.wp.com\/uasconferences.com\/2023_icuas\/wp-content\/uploads\/Drones_partnership-logo.png?resize=353%2C109&#038;ssl=1\" alt=\"\" class=\"wp-image-2715\" width=\"353\" height=\"109\" srcset=\"https:\/\/i0.wp.com\/uasconferences.com\/2023_icuas\/wp-content\/uploads\/Drones_partnership-logo.png?w=945&amp;ssl=1 945w, https:\/\/i0.wp.com\/uasconferences.com\/2023_icuas\/wp-content\/uploads\/Drones_partnership-logo.png?resize=300%2C93&amp;ssl=1 300w, https:\/\/i0.wp.com\/uasconferences.com\/2023_icuas\/wp-content\/uploads\/Drones_partnership-logo.png?resize=768%2C237&amp;ssl=1 768w\" sizes=\"(max-width: 353px) 100vw, 353px\" data-recalc-dims=\"1\" \/><\/a><\/figure>\n\n\n<div class=\"wp-block-image\">\n<figure class=\"aligncenter size-full is-resized\"><a href=\"https:\/\/www.mdpi.com\/\" target=\"_blank\" rel=\"noreferrer noopener\" class=\"broken_link\"><img decoding=\"async\" loading=\"lazy\" src=\"https:\/\/i0.wp.com\/uasconferences.com\/2023_icuas\/wp-content\/uploads\/MDPI_LOGO_print.png?resize=210%2C132&#038;ssl=1\" alt=\"\" class=\"wp-image-2724\" width=\"210\" height=\"132\" srcset=\"https:\/\/i0.wp.com\/uasconferences.com\/2023_icuas\/wp-content\/uploads\/MDPI_LOGO_print.png?w=4492&amp;ssl=1 4492w, https:\/\/i0.wp.com\/uasconferences.com\/2023_icuas\/wp-content\/uploads\/MDPI_LOGO_print.png?resize=300%2C189&amp;ssl=1 300w, https:\/\/i0.wp.com\/uasconferences.com\/2023_icuas\/wp-content\/uploads\/MDPI_LOGO_print.png?w=1280&amp;ssl=1 1280w, https:\/\/i0.wp.com\/uasconferences.com\/2023_icuas\/wp-content\/uploads\/MDPI_LOGO_print.png?w=1920&amp;ssl=1 1920w\" sizes=\"(max-width: 210px) 100vw, 210px\" data-recalc-dims=\"1\" \/><\/a><\/figure><\/div><\/div>\n\n\n\n<div class=\"wp-block-column is-layout-flow\">\n<p>ISSN 2504-446X<br>2021 Impact Factor: 5.532; <br>2021 CiteScore: 7.2<\/p>\n\n\n\n<p><a rel=\"noreferrer noopener\" href=\"https:\/\/www.mdpi.com\/journal\/drones\" target=\"_blank\" class=\"broken_link\"><em>Drones<\/em><\/a> is an international, <a rel=\"noreferrer noopener\" href=\"https:\/\/www.mdpi.com\/editorial_process\" target=\"_blank\" class=\"broken_link\">peer-reviewed<\/a>, open access journal published monthly online by <a rel=\"noreferrer noopener\" href=\"https:\/\/www.mdpi.com\/\" target=\"_blank\" class=\"broken_link\">MDPI<\/a>. The journal focuses on design and applications of drones, including unmanned aerial vehicles (UAV), Unmanned Aircraft Systems (UAS), and Remotely Piloted Aircraft Systems (RPAS), etc. Likewise, contributions based on unmanned water\/underwater drones and unmanned ground vehicles are also welcomed. Selected papers will be recommended for potential publication of an extended version in <a rel=\"noreferrer noopener\" href=\"https:\/\/www.mdpi.com\/journal\/drones\/special_issues\/061L864H36\" type=\"URL\" id=\"https:\/\/www.mdpi.com\/journal\/drones\/special_issues\/061L864H36\" target=\"_blank\" class=\"broken_link\"><em>Drones <\/em>| Special Issue: Selected Papers from the 2023 International Conference on Unmanned Aircraft Systems (ICUAS 2023)<\/a>.<\/p>\n<\/div>\n<\/div>\n\n\n\n<hr class=\"wp-block-separator has-css-opacity\"\/>\n\n\n\n<h2 class=\"wp-block-heading\">Sponsors<\/h2>\n\n\n\n<div class=\"wp-block-media-text alignwide\" style=\"grid-template-columns:24% auto\"><figure class=\"wp-block-media-text__media\"><a href=\"https:\/\/www.springer.com\/journal\/10846\" target=\"_blank\" rel=\"noopener\"><img decoding=\"async\" loading=\"lazy\" width=\"256\" height=\"183\" src=\"https:\/\/i0.wp.com\/uasconferences.com\/2023_icuas\/wp-content\/uploads\/jint.jpg?resize=256%2C183&#038;ssl=1\" alt=\"\" class=\"wp-image-1841 size-full\" data-recalc-dims=\"1\"\/><\/a><\/figure><div class=\"wp-block-media-text__content\">\n<h3 class=\"wp-block-heading\"><a rel=\"noreferrer noopener\" href=\"https:\/\/www.springer.com\/journal\/10846\" target=\"_blank\">Journal of Intelligent &amp; Robotic Systems<\/a><\/h3>\n\n\n\n<p>ISSN: 1573-0409 (electronic), 0921-0296 (print)<br>Editor-in-Chief: Kimon P. Valavanis<\/p>\n\n\n\n<p>The <a rel=\"noreferrer noopener\" href=\"https:\/\/www.springer.com\/journal\/10846\" target=\"_blank\">Journal of Intelligent and Robotic Systems<\/a> (JINT) publishes original, peer-reviewed, invited, survey and review papers. These papers promote and disseminate scientific knowledge and information in the fields of system of systems, generalized system theory, distributed intelligent systems, bioengineering, robotics and automation, human-robot interaction, human-machine interfaces and interaction, robot ethics, social and service robotics, medical robotics, mechatronics, unmanned systems, multi-robot teams and networked swarms, machine intelligence, learning, system autonomy and autonomous systems, design for autonomy, cyber physical systems, and other related areas in which cutting edge technologies have been developed and applied to model, design, build and test complex engineering and autonomous systems.<\/p>\n<\/div><\/div>\n\n\n\n<div class=\"wp-block-media-text alignwide\" style=\"grid-template-columns:24% auto\"><figure class=\"wp-block-media-text__media\"><a href=\"https:\/\/cdnsciencepub.com\/journal\/dsa\/about\/editorial-board\" target=\"_blank\" rel=\"noopener\" class=\"broken_link\"><img decoding=\"async\" loading=\"lazy\" width=\"640\" height=\"191\" src=\"https:\/\/i0.wp.com\/uasconferences.com\/2023_icuas\/wp-content\/uploads\/CSP_Journal_Logo_DSA_RGB_black-scaled.webp?resize=640%2C191&#038;ssl=1\" alt=\"\" class=\"wp-image-3110 size-full\" srcset=\"https:\/\/i0.wp.com\/uasconferences.com\/2023_icuas\/wp-content\/uploads\/CSP_Journal_Logo_DSA_RGB_black-scaled.webp?w=2560&amp;ssl=1 2560w, https:\/\/i0.wp.com\/uasconferences.com\/2023_icuas\/wp-content\/uploads\/CSP_Journal_Logo_DSA_RGB_black-scaled.webp?resize=300%2C89&amp;ssl=1 300w, https:\/\/i0.wp.com\/uasconferences.com\/2023_icuas\/wp-content\/uploads\/CSP_Journal_Logo_DSA_RGB_black-scaled.webp?w=1280&amp;ssl=1 1280w, https:\/\/i0.wp.com\/uasconferences.com\/2023_icuas\/wp-content\/uploads\/CSP_Journal_Logo_DSA_RGB_black-scaled.webp?w=1920&amp;ssl=1 1920w\" sizes=\"(max-width: 640px) 100vw, 640px\" data-recalc-dims=\"1\" \/><\/a><\/figure><div class=\"wp-block-media-text__content\">\n<h3 class=\"wp-block-heading\"><a href=\"https:\/\/cdnsciencepub.com\/journal\/dsa\" target=\"_blank\" rel=\"noreferrer noopener\" class=\"broken_link\">Drone Systems and Applications<\/a><\/h3>\n\n\n\n<p>ISSN (electronic): 2564-4939<br>Editors-in-Chief:&nbsp;Dominique Chabot, Ph.D.; Karen Anderson, Ph.D.<\/p>\n\n\n\n<p><strong>Article processing charges are being waived for all submissions received by January 1, 2024. There are no submission fees.<\/strong><\/p>\n\n\n\n<p><em><a href=\"https:\/\/cdnsciencepub.com\/journal\/dsa\/about\/editorial-board\" class=\"broken_link\">Drone Systems and Applications<\/a><\/em> (formerly the Journal of Unmanned Vehicle Systems) is an electronic-only, gold open-access, peer-reviewed continuous publication journal published by <a href=\"https:\/\/cdnsciencepub.com\/\" class=\"broken_link\">Canadian Science Publishing<\/a>. The journal features research related to the rapidly emerging international field of unoccupied or uncrewed vehicle systems; i.e., remotely controlled or autonomous mobile robots that operate in the air, on the ground, on or below the water surface, or in outer space. <em>Drone Systems and Applications<\/em>&nbsp;publishes editorials, articles, notes, letters, reviews, mini-reviews, and discussions and replies. Submissions are welcomed from researchers and practitioners in academia, government, and industry from all over the world.<\/p>\n<\/div><\/div>\n\n\n\n<hr class=\"wp-block-separator has-css-opacity\"\/>\n\n\n\n<h2 class=\"wp-block-heading\">Academic sponsors<\/h2>\n\n\n\n<div class=\"wp-block-media-text alignwide is-stacked-on-mobile\" style=\"grid-template-columns:24% auto\"><figure class=\"wp-block-media-text__media\"><a href=\"https:\/\/www.lazarski.pl\/en\/\" target=\"_blank\" rel=\"noopener\"><img decoding=\"async\" loading=\"lazy\" width=\"340\" height=\"240\" src=\"https:\/\/i0.wp.com\/uasconferences.com\/2023_icuas\/wp-content\/uploads\/Logo-Uczelnia-Lazarskiego-EN-color.jpg?resize=340%2C240&#038;ssl=1\" alt=\"\" class=\"wp-image-2699 size-post-thumbnail\" srcset=\"https:\/\/i0.wp.com\/uasconferences.com\/2023_icuas\/wp-content\/uploads\/Logo-Uczelnia-Lazarskiego-EN-color.jpg?resize=340%2C240&amp;ssl=1 340w, https:\/\/i0.wp.com\/uasconferences.com\/2023_icuas\/wp-content\/uploads\/Logo-Uczelnia-Lazarskiego-EN-color.jpg?zoom=2&amp;resize=340%2C240&amp;ssl=1 680w\" sizes=\"(max-width: 340px) 100vw, 340px\" data-recalc-dims=\"1\" \/><\/a><\/figure><div class=\"wp-block-media-text__content\">\n<h3 class=\"wp-block-heading\">Lazarski University<\/h3>\n\n\n\n<p><a rel=\"noreferrer noopener\" href=\"https:\/\/www.lazarski.pl\/en\/\" target=\"_blank\">Lazarski University<\/a> is a private university located in Warsaw, comprising the Faculty of Law and Administration, the Faculty of Economics and Management, and the Faculty of Medicine. Lazarski is the best Polish university in the international U-Multirank ranking&nbsp;prepared at the request of the&nbsp;European Commission. <\/p>\n<\/div><\/div>\n\n\n\n<div class=\"wp-block-media-text alignwide is-stacked-on-mobile\" style=\"grid-template-columns:24% auto\"><figure class=\"wp-block-media-text__media\"><a href=\"https:\/\/www.du.edu\" target=\"_blank\" rel=\"noopener\"><img decoding=\"async\" loading=\"lazy\" width=\"290\" height=\"97\" src=\"https:\/\/i0.wp.com\/uasconferences.com\/2023_icuas\/wp-content\/uploads\/uni-denver.png?resize=290%2C97&#038;ssl=1\" alt=\"\" class=\"wp-image-1630 size-full\" data-recalc-dims=\"1\"\/><\/a><\/figure><div class=\"wp-block-media-text__content\">\n<h3 class=\"wp-block-heading\">University of Denver<\/h3>\n\n\n\n<p>The <a rel=\"noreferrer noopener\" href=\"https:\/\/www.du.edu\" data-type=\"URL\" data-id=\"https:\/\/www.du.edu\" target=\"_blank\">University of Denver<\/a> (UD), located in Denver, CO, USA, is a private institution built on exploration through research and collaboration among educators, students, and local and global communities. <\/p>\n<\/div><\/div>\n\n\n\n<div class=\"wp-block-media-text alignwide is-stacked-on-mobile\" style=\"grid-template-columns:24% auto\"><figure class=\"wp-block-media-text__media\"><a href=\"https:\/\/ritchieschool.du.edu\/\" target=\"_blank\" rel=\"noopener\"><img decoding=\"async\" loading=\"lazy\" width=\"534\" height=\"138\" src=\"https:\/\/i0.wp.com\/uasconferences.com\/2023_icuas\/wp-content\/uploads\/du-dfrs_logo.png?resize=534%2C138&#038;ssl=1\" alt=\"\" class=\"wp-image-1631 size-full\" srcset=\"https:\/\/i0.wp.com\/uasconferences.com\/2023_icuas\/wp-content\/uploads\/du-dfrs_logo.png?w=534&amp;ssl=1 534w, https:\/\/i0.wp.com\/uasconferences.com\/2023_icuas\/wp-content\/uploads\/du-dfrs_logo.png?resize=300%2C78&amp;ssl=1 300w\" sizes=\"(max-width: 534px) 100vw, 534px\" data-recalc-dims=\"1\" \/><\/a><\/figure><div class=\"wp-block-media-text__content\">\n<p>With a focus on dedicated, student-centered instruction, the UD&#8217;s <a rel=\"noreferrer noopener\" href=\"https:\/\/ritchieschool.du.edu\/\" target=\"_blank\">Daniel Felix Ritchie School of Engineering &amp; Computer Science<\/a> seeks to fulfill its mission of advancing technical and scientific knowledge and capabilities to improve quality of life for our global society. <\/p>\n<\/div><\/div>\n\n\n\n<div class=\"wp-block-media-text alignwide is-stacked-on-mobile\" style=\"grid-template-columns:24% auto\"><figure class=\"wp-block-media-text__media\"><a href=\"https:\/\/www.fer.unizg.hr\/\" target=\"_blank\" rel=\"noopener\"><img decoding=\"async\" loading=\"lazy\" width=\"640\" height=\"585\" src=\"https:\/\/i0.wp.com\/uasconferences.com\/2023_icuas\/wp-content\/uploads\/FER_logo_3-1.png?resize=640%2C585&#038;ssl=1\" alt=\"\" class=\"wp-image-2704 size-full\" srcset=\"https:\/\/i0.wp.com\/uasconferences.com\/2023_icuas\/wp-content\/uploads\/FER_logo_3-1.png?w=672&amp;ssl=1 672w, https:\/\/i0.wp.com\/uasconferences.com\/2023_icuas\/wp-content\/uploads\/FER_logo_3-1.png?resize=300%2C274&amp;ssl=1 300w\" sizes=\"(max-width: 640px) 100vw, 640px\" data-recalc-dims=\"1\" \/><\/a><\/figure><div class=\"wp-block-media-text__content\">\n<h3 class=\"wp-block-heading\">University of Zagreb Faculty of Electrical Engineering and Computing<\/h3>\n\n\n\n<p>With over 3,500 students and over 700 faculty, research associates, and staff, the <a rel=\"noreferrer noopener\" href=\"https:\/\/www.fer.unizg.hr\/\" target=\"_blank\">University of Zagreb Faculty of Electrical Engineering and Computing<\/a> &#8211; often referred to only by its local acronym &#8220;FER&#8221; &#8211; is the leading Croatian higher education institution devoted to teaching and research in the fields of electrical engineering, computer science and ICT.<\/p>\n<\/div><\/div>\n\n\n\n<div class=\"wp-block-media-text alignwide is-stacked-on-mobile\" style=\"grid-template-columns:24% auto\"><figure class=\"wp-block-media-text__media\"><a href=\"https:\/\/larics.fer.unizg.hr\/\" target=\"_blank\" rel=\"noopener\" class=\"broken_link\"><img decoding=\"async\" loading=\"lazy\" width=\"640\" height=\"225\" src=\"https:\/\/i0.wp.com\/uasconferences.com\/2023_icuas\/wp-content\/uploads\/larics-logo_crta-1.png?resize=640%2C225&#038;ssl=1\" alt=\"\" class=\"wp-image-2701 size-full\" srcset=\"https:\/\/i0.wp.com\/uasconferences.com\/2023_icuas\/wp-content\/uploads\/larics-logo_crta-1.png?w=842&amp;ssl=1 842w, https:\/\/i0.wp.com\/uasconferences.com\/2023_icuas\/wp-content\/uploads\/larics-logo_crta-1.png?resize=300%2C105&amp;ssl=1 300w, https:\/\/i0.wp.com\/uasconferences.com\/2023_icuas\/wp-content\/uploads\/larics-logo_crta-1.png?resize=768%2C270&amp;ssl=1 768w\" sizes=\"(max-width: 640px) 100vw, 640px\" data-recalc-dims=\"1\" \/><\/a><\/figure><div class=\"wp-block-media-text__content\">\n<h3 class=\"wp-block-heading\">The Laboratory for Robotics and Intelligent Control Systems &#8211; LARICS<\/h3>\n\n\n\n<p><strong>The Laboratory for Robotics and Intelligent Control Systems &#8211; <a href=\"https:\/\/larics.fer.hr\/\" data-type=\"URL\" data-id=\"https:\/\/larics.fer.hr\/\" target=\"_blank\" rel=\"noreferrer noopener\">LARICS<\/a><\/strong> is a research laboratory within the University of Zagreb Faculty of Electrical Engineering and Computing. Research in LARICS is focused on <strong>control, robotics <\/strong>and <strong>intelligence<\/strong> in the areas of flying, walking and driving robots, manipulation, warehousing, as well as collective and automotive systems.<\/p>\n<\/div><\/div>\n\n\n\n<h2 class=\"wp-block-heading\">Local sponsors<\/h2>\n\n\n\n<div class=\"wp-block-media-text alignwide is-stacked-on-mobile\" style=\"grid-template-columns:24% auto\"><figure class=\"wp-block-media-text__media\"><a href=\"https:\/\/flapper-drones.com\/wp\/\"><img decoding=\"async\" loading=\"lazy\" width=\"640\" height=\"186\" src=\"https:\/\/i0.wp.com\/www.uasconferences.com\/2023_icuas\/wp-content\/uploads\/FD_logo-1.png?resize=640%2C186&#038;ssl=1\" alt=\"\" class=\"wp-image-3204 size-full\" srcset=\"https:\/\/i0.wp.com\/uasconferences.com\/2023_icuas\/wp-content\/uploads\/FD_logo-1.png?w=800&amp;ssl=1 800w, https:\/\/i0.wp.com\/uasconferences.com\/2023_icuas\/wp-content\/uploads\/FD_logo-1.png?resize=300%2C87&amp;ssl=1 300w, https:\/\/i0.wp.com\/uasconferences.com\/2023_icuas\/wp-content\/uploads\/FD_logo-1.png?resize=768%2C224&amp;ssl=1 768w\" sizes=\"(max-width: 640px) 100vw, 640px\" data-recalc-dims=\"1\" \/><\/a><\/figure><div class=\"wp-block-media-text__content\">\n<h3 class=\"wp-block-heading\">Flapper Drones<\/h3>\n\n\n\n<p><a href=\"https:\/\/flapper-drones.com\/wp\/\" target=\"_blank\" rel=\"noreferrer noopener\">Flapper Drones<\/a> provides ready-to-fly drone platforms as well as customized solutions for your bio-inspired research and creative projects. Whether you are an academic research group, drone show operator or an artist, we understand your needs and, as a university spinoff, we are always excited to explore new territories.<\/p>\n<\/div><\/div>\n\n\n\n<p>  <\/p>\n\n\n\n<div class=\"wp-block-media-text alignwide is-stacked-on-mobile\" style=\"grid-template-columns:24% auto\"><figure class=\"wp-block-media-text__media\"><a href=\"https:\/\/www.jetzone24.com\/en\" target=\"_blank\" rel=\"noreferrer noopener\"><img decoding=\"async\" loading=\"lazy\" width=\"640\" height=\"315\" src=\"https:\/\/i0.wp.com\/uasconferences.com\/2023_icuas\/wp-content\/uploads\/jz24.jpg?resize=640%2C315&#038;ssl=1\" alt=\"\" class=\"wp-image-3206 size-full\" srcset=\"https:\/\/i0.wp.com\/uasconferences.com\/2023_icuas\/wp-content\/uploads\/jz24.jpg?w=800&amp;ssl=1 800w, https:\/\/i0.wp.com\/uasconferences.com\/2023_icuas\/wp-content\/uploads\/jz24.jpg?resize=300%2C148&amp;ssl=1 300w, https:\/\/i0.wp.com\/uasconferences.com\/2023_icuas\/wp-content\/uploads\/jz24.jpg?resize=768%2C378&amp;ssl=1 768w\" sizes=\"(max-width: 640px) 100vw, 640px\" data-recalc-dims=\"1\" \/><\/a><\/figure><div class=\"wp-block-media-text__content\">\n<h3 class=\"wp-block-heading\">Jet Zone 24 <\/h3>\n\n\n\n<p><a rel=\"noreferrer noopener\" href=\"https:\/\/www.jetzone24.com\/en\" target=\"_blank\">Jet Zone 24<\/a> offers simulators for 24 hrs, 7 days a week, for everyone who would like to attend training, familiarise themselves with pilot work or just have fun. Our priority is to train pilots while the remaining hours are devoted to flights for those who dream about flying themselves, would like to arrange an original gift for another person or get ready for their work at any airline. You can find all those services at a unique center of certified flight simulators in Poland, which are available to everyone.<\/p>\n\n\n\n<p><\/p>\n\n\n\n<p><\/p>\n<\/div><\/div>\n\n\n\n<p>  <\/p>\n\n\n\n<div class=\"wp-block-media-text alignwide is-stacked-on-mobile\" style=\"grid-template-columns:24% auto\"><figure class=\"wp-block-media-text__media\"><img decoding=\"async\" loading=\"lazy\" width=\"640\" height=\"930\" src=\"https:\/\/i0.wp.com\/uasconferences.com\/2023_icuas\/wp-content\/uploads\/IA_logo.png?resize=640%2C930&#038;ssl=1\" alt=\"\" class=\"wp-image-3200 size-full\" srcset=\"https:\/\/i0.wp.com\/uasconferences.com\/2023_icuas\/wp-content\/uploads\/IA_logo.png?w=703&amp;ssl=1 703w, https:\/\/i0.wp.com\/uasconferences.com\/2023_icuas\/wp-content\/uploads\/IA_logo.png?resize=206%2C300&amp;ssl=1 206w\" sizes=\"(max-width: 640px) 100vw, 640px\" data-recalc-dims=\"1\" \/><\/figure><div class=\"wp-block-media-text__content\">\n<h3 class=\"wp-block-heading\">The Warsaw Bar Association <\/h3>\n\n\n\n<p>The Warsaw Bar Association (in Polish: Izba Adwokacka w Warszawie) is the association of attorneys for the City of Warsaw. The most important goals of the Warsaw Bar are to cultivate the science of law, to promote law reform, to facilitate the administration of justice and to elevate the standards of integrity, honor, professional skill and courtesy in the legal profession.<\/p>\n<\/div><\/div>\n\n\n\n<p><\/p>\n\n\n\n<div class=\"wp-block-media-text alignwide is-stacked-on-mobile\" style=\"grid-template-columns:24% auto\"><figure class=\"wp-block-media-text__media\"><img decoding=\"async\" loading=\"lazy\" width=\"456\" height=\"133\" src=\"https:\/\/i0.wp.com\/uasconferences.com\/2023_icuas\/wp-content\/uploads\/PPL_logo.png?resize=456%2C133&#038;ssl=1\" alt=\"\" class=\"wp-image-3203 size-full\" srcset=\"https:\/\/i0.wp.com\/uasconferences.com\/2023_icuas\/wp-content\/uploads\/PPL_logo.png?w=456&amp;ssl=1 456w, https:\/\/i0.wp.com\/uasconferences.com\/2023_icuas\/wp-content\/uploads\/PPL_logo.png?resize=300%2C88&amp;ssl=1 300w\" sizes=\"(max-width: 456px) 100vw, 456px\" data-recalc-dims=\"1\" \/><\/figure><div class=\"wp-block-media-text__content\">\n<h3 class=\"wp-block-heading\">Polish Airports <\/h3>\n\n\n\n<p><a href=\"https:\/\/www.polish-airports.com\/en\/polish-airports.html\" target=\"_blank\" rel=\"noreferrer noopener\">Polish Airports (PPL)<\/a> is one of the top aviation infrastructure companies in Poland, taking active part in the shaping and development of this strategic branch of the industry. PPL operates key elements of the state\u2019s infrastructure, propelling the entire air transport services market.<\/p>\n<\/div><\/div>\n\n\n\n<p>  <\/p>\n\n\n\n<div class=\"wp-block-media-text alignwide is-stacked-on-mobile\" style=\"grid-template-columns:24% auto\"><figure class=\"wp-block-media-text__media\"><img decoding=\"async\" loading=\"lazy\" width=\"640\" height=\"239\" src=\"https:\/\/i0.wp.com\/uasconferences.com\/2023_icuas\/wp-content\/uploads\/cpk_pl.png?resize=640%2C239&#038;ssl=1\" alt=\"\" class=\"wp-image-3207 size-full\" srcset=\"https:\/\/i0.wp.com\/uasconferences.com\/2023_icuas\/wp-content\/uploads\/cpk_pl.png?w=641&amp;ssl=1 641w, https:\/\/i0.wp.com\/uasconferences.com\/2023_icuas\/wp-content\/uploads\/cpk_pl.png?resize=300%2C112&amp;ssl=1 300w\" sizes=\"(max-width: 640px) 100vw, 640px\" data-recalc-dims=\"1\" \/><\/figure><div class=\"wp-block-media-text__content\">\n<h3 class=\"wp-block-heading\">Centralny Port Komunikacyjny<\/h3>\n\n\n\n<p><a rel=\"noreferrer noopener\" href=\"https:\/\/www.cpk.pl\/en\/\" target=\"_blank\" class=\"broken_link\">Centralny Port Komunikacyjny<\/a> is a planned transfer hub between Warsaw and \u0141\u00f3d\u017a, which will integrate air, rail and road transport. The development envisages the construction of CPK located 37 km west of Warsaw and covering the space of 3,000 ha. During the first stage, the airport will handle 40 million passengers a year.<\/p>\n<\/div><\/div>\n\n\n\n<p>  <\/p>\n\n\n\n<p>  <\/p>\n","protected":false},"excerpt":{"rendered":"<p>Gold sponsor ISSN 2504-446X2021 Impact Factor: 5.532; 2021 CiteScore: 7.2 Drones is an international, peer-reviewed, open access journal published monthly online by MDPI. The journal focuses on design and applications of drones, including unmanned aerial vehicles (UAV), Unmanned Aircraft Systems (UAS), and Remotely Piloted Aircraft Systems (RPAS), etc. Likewise, contributions based on unmanned water\/underwater drones&hellip;<\/p>\n","protected":false},"author":1,"featured_media":0,"parent":0,"menu_order":0,"comment_status":"closed","ping_status":"closed","template":"","meta":[],"_links":{"self":[{"href":"https:\/\/uasconferences.com\/2023_icuas\/wp-json\/wp\/v2\/pages\/869"}],"collection":[{"href":"https:\/\/uasconferences.com\/2023_icuas\/wp-json\/wp\/v2\/pages"}],"about":[{"href":"https:\/\/uasconferences.com\/2023_icuas\/wp-json\/wp\/v2\/types\/page"}],"author":[{"embeddable":true,"href":"https:\/\/uasconferences.com\/2023_icuas\/wp-json\/wp\/v2\/users\/1"}],"replies":[{"embeddable":true,"href":"https:\/\/uasconferences.com\/2023_icuas\/wp-json\/wp\/v2\/comments?post=869"}],"version-history":[{"count":47,"href":"https:\/\/uasconferences.com\/2023_icuas\/wp-json\/wp\/v2\/pages\/869\/revisions"}],"predecessor-version":[{"id":3214,"href":"https:\/\/uasconferences.com\/2023_icuas\/wp-json\/wp\/v2\/pages\/869\/revisions\/3214"}],"wp:attachment":[{"href":"https:\/\/uasconferences.com\/2023_icuas\/wp-json\/wp\/v2\/media?parent=869"}],"curies":[{"name":"wp","href":"https:\/\/api.w.org\/{rel}","templated":true}]}}