{"id":4343,"date":"2026-03-22T18:09:47","date_gmt":"2026-03-22T22:09:47","guid":{"rendered":"https:\/\/uasconferences.com\/2026_icuas\/?page_id=4343"},"modified":"2026-03-22T18:17:22","modified_gmt":"2026-03-22T22:17:22","slug":"competition-simulation-stage-overview-and-results","status":"publish","type":"page","link":"https:\/\/uasconferences.com\/2026_icuas\/competition-simulation-stage-overview-and-results\/","title":{"rendered":"Simulation Stage Overview and Results"},"content":{"rendered":"\n<p><strong>ICUAS\u201926 UAV Competition Simulation Stage Overview<\/strong><br>The objective of the ICUAS 2026 UAV Competition is, for each competing team, to deploy a team of UAVs in an urban environment to locate and identify threats. The UAVs deploy from one base and need to find and identify several targets in a known environment, while tracking a ground vehicle. Since some of the threats may interfere with communication links between the agents (i.e., the UAVs), it is required to keep constant communication between the base and all UAV agents in the system, especially between the base station and the ground vehicle, with only the current position of the vehicle being known to the rest of the system.<\/p>\n\n\n\n<p>To extend the time of the mission, each UAV is \/ was allowed to return to the base once, for (re-) charging. Several perching spots (modelled as landing pads) were scattered around the environment. The UAVs needed to, first, find and identify these spots, after which they could be used to land the UAVs and preserve the battery of the agent. Throughout the world, an unknown number of target and decoy markers were scattered with the aim for the UAV teams to find and report the ones identified as threats, as shown in Figure 1.<\/p>\n\n\n\n<figure class=\"wp-block-image size-large\"><img decoding=\"async\" loading=\"lazy\" width=\"1024\" height=\"707\" src=\"https:\/\/uasconferences.com\/2026_icuas\/wp-content\/uploads\/image-1024x707.png\" alt=\"\" class=\"wp-image-4344\" srcset=\"https:\/\/uasconferences.com\/2026_icuas\/wp-content\/uploads\/image-1024x707.png 1024w, https:\/\/uasconferences.com\/2026_icuas\/wp-content\/uploads\/image-300x207.png 300w, https:\/\/uasconferences.com\/2026_icuas\/wp-content\/uploads\/image-768x530.png 768w, https:\/\/uasconferences.com\/2026_icuas\/wp-content\/uploads\/image.png 1477w\" sizes=\"(max-width: 1024px) 100vw, 1024px\" \/><figcaption class=\"wp-element-caption\"><em>Figure 1. Gazebo world with landing pads (denoted by ArUco marker with specific IDs) and target and decoy markers scattered around.<\/em><\/figcaption><\/figure>\n\n\n\n<p><\/p>\n\n\n\n<p>The competing teams were provided with a sample world, and the performance of the team solution was evaluated in two unseen worlds through three scenarios involving different numbers of UAV agents with several values of max communication range. All world models were available to the competing teams at runtime as Octomaps; no other prior knowledge was disclosed, such as the number of target\/decoy markers or the number of landing pads.&nbsp;&nbsp;The UAVs needed to find as many targets as possible within a 30-minute time limit, while maintaining the connection with the base and the ground robot for as long as possible.&nbsp;&nbsp;<\/p>\n\n\n\n<p>The UAV Competition organizing team developed a complete evaluation package, tracking the position of Crazyflies to check whether they are crashing into obstacles or leaving the bounds of the flying area, both of which were penalized behaviors. The developed software also tracks the battery state of each Crazyflie and reports if the battery goes below a defined threshold, which is also a penalized behavior. Finally, the evaluation software is constantly monitoring the state of the connectivity of the underlying communication graph by checking the link validity and calculating the Fiedler value of the graph, reporting each instance in which the graph becomes disconnected. Figure 2 shows a valid configuration of the Crazyflie team in the ICUAS\u201926 UAV Competition.<\/p>\n\n\n\n<figure class=\"wp-block-image size-large\"><img decoding=\"async\" loading=\"lazy\" width=\"1024\" height=\"562\" src=\"https:\/\/uasconferences.com\/2026_icuas\/wp-content\/uploads\/figure2-1024x562.jpg\" alt=\"\" class=\"wp-image-4351\" srcset=\"https:\/\/uasconferences.com\/2026_icuas\/wp-content\/uploads\/figure2-1024x562.jpg 1024w, https:\/\/uasconferences.com\/2026_icuas\/wp-content\/uploads\/figure2-300x165.jpg 300w, https:\/\/uasconferences.com\/2026_icuas\/wp-content\/uploads\/figure2-768x422.jpg 768w, https:\/\/uasconferences.com\/2026_icuas\/wp-content\/uploads\/figure2.jpg 1430w\" sizes=\"(max-width: 1024px) 100vw, 1024px\" \/><figcaption class=\"wp-element-caption\"><em>Figure 2. Valid configuration of Crazyflies in the simulation world, with Gazebo on the left and RVIZ on the right. All UAVs are within the bounds of flying area, the communication graph is connected, and the battery state of all flies is within specified range. Orange square represents the ground robot, red area is the charging\/base area, while yellow boxes showcase landing pads that can be used to preserve the battery.\u00a0<\/em><\/figcaption><\/figure>\n\n\n\n<p><\/p>\n\n\n\n<p>The results of each team run is a log file containing all the events. Logs were then used to score the run. Competing teams were awarded points for finding ArUco markers (40% of the total available points), maintaining connectivity (30% of the total available points), and extending the total mission time (30% of the total). Points were deducted for penalized behaviors (crashing, going out of bounds, low battery state) with each infraction resulting in 10%-point deduction. The final score for the team was the average of three runs across unseen worlds.&nbsp;<\/p>\n\n\n\n<p><strong>The List of Finalist Teams<\/strong><br>Following a rigorous evaluation procedure, the following teams emerged as top contenders and qualified for the finals at the conference venue in Corfu, Greece.<\/p>\n\n\n\n<p><strong>1<sup>st<\/sup>&nbsp;place team:&nbsp;&nbsp;AGH Avader, AGH University of Krakow, Poland<\/strong><br>Team leader: Kamil J\u0119drzejko<br>Team members: Remigiusz Miet\u0142a, Mateusz Go\u0142\u0105bek, Tymoteusz Domaga\u0142a, Jan Jagodzi\u0144ski, Dominik Babiarczyk, Hubert G\u0105ska, Krzysztof Jagie\u0142\u0142o, Szymon Ho\u0142ysz<\/p>\n\n\n\n<p><strong>2<sup>nd<\/sup>&nbsp;place team: QADT, Queen&#8217;s University, Canada<\/strong><br>Team leader<strong>:&nbsp;<\/strong>Ethan Milburn<br>Team Members:&nbsp;Abdullah Mohsin, Ashton Antony, Benjamin Cox, Cole Jowett, Erin Payne, Ethan Milburn, Gavin Tan, Kuzey Bilgin, Liam Shannon, Nishith Chowdary Ravuri, Purujit Kantiya, Visakan Makilrajah<\/p>\n\n\n\n<p><strong>3<sup>rd<\/sup>&nbsp;place team: ARRF, Kyungpook National University, South Korea<\/strong><br>Team leader: Taeseung WOO<br>Team members:&nbsp;Seongjin OH, Kangmin KIM, JinWan KIM, Jihyeong RYU, Soyeon PARK, Jiyoung YOO<\/p>\n\n\n\n<p><strong>4<sup>th<\/sup>&nbsp;place team: CVRLs, Foundation for Research and Technology &#8211; Hellas (FORTH), Greece<\/strong><br>Team leader: Michail Vangos<br>Team members: Michail Vangos, Iliana Platona, Michalis Savorianakis, Christos Trifinopoulos<\/p>\n\n\n\n<p><strong>5<sup>th<\/sup>&nbsp;place team: \u03b1eRAS, National Technical University of Athens, Greece<\/strong><br>Team leader: Michalis Psychis<br>Team members: Zoi Tsouroufli, Maria-Rozina Bertou, Konstantinos Sarakis, Petros Pantazis, Elena Alevropoulou<\/p>\n\n\n\n<p>Congratulations to all finalist teams, and to teams that did not manage to qualify but have shown great results in the simulation stage: Aerial Robotics (Indian Institute of Technology Kanpur, India), UMIC-AeRoVe (Indian Institute of Technology Bombay, India), Drone Research Center (Brno University of Technology, Czechia), SECO (University of Mons, Belgium) and Draft (Politecnico di Torino, Italy). Thank you to all the other teams that showed interest in the ICUAS\u201926 UAV Competition! Detailed points breakdown is available in the competition repository:&nbsp;<a href=\"https:\/\/github.com\/larics\/icuas26_competition\/discussions\/57\" target=\"_blank\" rel=\"noreferrer noopener\">https:\/\/github.com\/larics\/icuas26_competition\/discussions\/57<\/a>.&nbsp;<br><\/p>\n\n\n\n<p><strong>Acknowledgements&nbsp;&nbsp;&nbsp;<\/strong><br>The work of LARICS (<a href=\"https:\/\/larics.fer.hr\/\" target=\"_blank\" rel=\"noreferrer noopener\">https:\/\/larics.fer.hr\/<\/a>) team on preparing and evaluating the ICUAS\u201926 UAV Competition simulation scenario was supported by the project \u201dSafe and Effective CBRNe Response with semiautonomous HEterogeneous RObotic System &#8211; CBRNe HERO\u201d funded by the European Union &#8211; NextGeneration EU under Grant NPOO.C3.2.R3-I1.04.0075.<\/p>\n","protected":false},"excerpt":{"rendered":"<p>ICUAS\u201926 UAV Competition Simulation Stage OverviewThe objective of the ICUAS 2026 UAV Competition is, for each competing team, to deploy a team of UAVs in an urban environment to locate and identify threats. The UAVs deploy from one base and need to find and identify several targets in a known environment, while tracking a ground [&hellip;]<\/p>\n","protected":false},"author":2,"featured_media":0,"parent":0,"menu_order":0,"comment_status":"closed","ping_status":"closed","template":"","meta":[],"_links":{"self":[{"href":"https:\/\/uasconferences.com\/2026_icuas\/wp-json\/wp\/v2\/pages\/4343"}],"collection":[{"href":"https:\/\/uasconferences.com\/2026_icuas\/wp-json\/wp\/v2\/pages"}],"about":[{"href":"https:\/\/uasconferences.com\/2026_icuas\/wp-json\/wp\/v2\/types\/page"}],"author":[{"embeddable":true,"href":"https:\/\/uasconferences.com\/2026_icuas\/wp-json\/wp\/v2\/users\/2"}],"replies":[{"embeddable":true,"href":"https:\/\/uasconferences.com\/2026_icuas\/wp-json\/wp\/v2\/comments?post=4343"}],"version-history":[{"count":4,"href":"https:\/\/uasconferences.com\/2026_icuas\/wp-json\/wp\/v2\/pages\/4343\/revisions"}],"predecessor-version":[{"id":4352,"href":"https:\/\/uasconferences.com\/2026_icuas\/wp-json\/wp\/v2\/pages\/4343\/revisions\/4352"}],"wp:attachment":[{"href":"https:\/\/uasconferences.com\/2026_icuas\/wp-json\/wp\/v2\/media?parent=4343"}],"curies":[{"name":"wp","href":"https:\/\/api.w.org\/{rel}","templated":true}]}}